{"id":568,"date":"2020-01-10T12:50:53","date_gmt":"2020-01-10T12:50:53","guid":{"rendered":"http:\/\/www.freesoftandtech.it\/?page_id=568"},"modified":"2020-09-21T19:21:01","modified_gmt":"2020-09-21T19:21:01","slug":"trattamento-dati-personali-fornitori","status":"publish","type":"page","link":"https:\/\/www.freesoftandtech.it\/?page_id=568","title":{"rendered":"Trattamento dati personali Fornitori"},"content":{"rendered":"<div class=\"wpb-content-wrapper\"><p>[vc_row][vc_column][vc_column_text]<b>TITOLARE DEL TRATTAMENTO<\/b><span style=\"font-weight: 400;\"> dei Suoi dati personali \u00e8 Free Soft &amp; Tech S.r.l., P.IVA 12136081002 \u2013 Viale Gorizia 25\/C 00198 Roma <\/span><a href=\"mailto:freesofttech@pec.it\"><span style=\"font-weight: 400;\">freesofttech@pec.it<\/span><\/a><span style=\"font-weight: 400;\"> \u2013 Peo: info@freesoftandtech.it. Il Data Protection Officer (\u201cDPO\u201d) nominato dal Titolare ai sensi degli artt. 37 e ss. GDPR \u00e8 contattabile inviando una e-mail all\u2019indirizzo: dpo@freesoftandtech.it<\/span><\/p>\n<p>&nbsp;<\/p>\n<p><span style=\"font-weight: 400;\">MODALIT\u00c0 E FINALIT\u00c0 DEL TRATTAMENTO DATI<\/span><\/p>\n<p><span style=\"font-weight: 400;\">I suoi dati personali (dati identificativi, dati di contatto, dati di pagamento, etc) saranno trattati nel <\/span><i><span style=\"font-weight: 400;\">rispetto dei principi di protezione dei dati personali stabiliti dal Regolamento GDPR 2016\/679 e della normativa nazionale in vigore.<\/span><\/i><\/p>\n<ul>\n<li style=\"font-weight: 400;\"><span style=\"font-weight: 400;\">La informiamo che i dati verranno trattati con il supporto dei seguenti mezzi:<\/span><\/li>\n<\/ul>\n<ol>\n<li style=\"list-style-type: none;\">\n<ol>\n<li style=\"list-style-type: none;\">\n<ol>\n<li style=\"font-weight: 400;\"><span style=\"font-weight: 400;\">\u00a0Mista &#8211; elettronica e cartacea<\/span><\/li>\n<\/ol>\n<\/li>\n<\/ol>\n<\/li>\n<\/ol>\n<p><span style=\"font-weight: 400;\">con le seguenti finalit\u00e0:<\/span><\/p>\n<ul>\n<li style=\"font-weight: 400;\"><span style=\"font-weight: 400;\">Esecuzione di un contratto;\u00a0<\/span><\/li>\n<li style=\"font-weight: 400;\"><span style=\"font-weight: 400;\">Adempimento di obblighi fiscali o contabili<\/span><\/li>\n<li style=\"font-weight: 400;\"><span style=\"font-weight: 400;\">Gestione dei fornitori (contratti, ordini, arrivi, fatture)\u00a0<\/span><\/li>\n<li style=\"font-weight: 400;\"><span style=\"font-weight: 400;\">Servizi di controllo interno (della sicurezza, della produttivit\u00e0, della qualit\u00e0 dei servizi, dell&#8217;integrit\u00e0 patrimonio)<\/span><\/li>\n<\/ul>\n<p>&nbsp;<\/p>\n<p><span style=\"font-weight: 400;\">I Dati personali possono essere conosciuti da dipendenti e collaboratori in ragione della funzione aziendale svolta, i quali operano in qualit\u00e0 di soggetti autorizzati dal Titolare e dallo stesso debitamente istruiti.\u00a0<\/span><\/p>\n<p>&nbsp;<\/p>\n<p><i><span style=\"font-weight: 400;\">BASE GIURIDICA<\/span><\/i><\/p>\n<ul>\n<li style=\"list-style-type: none;\">\n<ul>\n<li style=\"font-weight: 400;\"><i><span style=\"font-weight: 400;\">La base giuridica su cui si fonda il trattamento per i dati comuni, secondo l&#8217;Art.6 del Regolamento GDPR, \u00e8 la lettera b):<\/span><\/i><\/li>\n<\/ul>\n<\/li>\n<\/ul>\n<p><i><span style=\"font-weight: 400;\">Il trattamento \u00e8 necessario all\u2019esecuzione di un contratto di cui lei \u00e8 parte od all\u2019esecuzione di misure precontrattuali adottate su sua richiesta.<\/span><\/i><\/p>\n<p><i><span style=\"font-weight: 400;\">CATEGORIE DI DESTINATARI<\/span><\/i><\/p>\n<p><i><span style=\"font-weight: 400;\">Ferme restando le comunicazioni eseguite in adempimento di obblighi di legge e contrattuali, tutti i dati raccolti ed elaborati potranno essere comunicati esclusivamente per le finalit\u00e0 sopra specificate alle seguenti categorie di destinatari:<\/span><\/i><\/p>\n<ul>\n<li style=\"list-style-type: none;\">\n<ul>\n<li style=\"font-weight: 400;\"><i><span style=\"font-weight: 400;\">Consulenti e liberi professionisti anche in forma associata;<\/span><\/i><\/li>\n<li style=\"font-weight: 400;\"><i><span style=\"font-weight: 400;\">Imprese;<\/span><\/i><\/li>\n<li style=\"font-weight: 400;\"><i><span style=\"font-weight: 400;\">Imprese di assicurazione;<\/span><\/i><\/li>\n<li style=\"font-weight: 400;\"><i><span style=\"font-weight: 400;\">Ordini e collegi professionali;<\/span><\/i><\/li>\n<li style=\"font-weight: 400;\"><i><span style=\"font-weight: 400;\">Persone autorizzate;<\/span><\/i><\/li>\n<li style=\"font-weight: 400;\"><i><span style=\"font-weight: 400;\">Societ\u00e0 che effettuano il servizio di logistica di magazzino e trasporto;<\/span><\/i><\/li>\n<li style=\"font-weight: 400;\"><i><span style=\"font-weight: 400;\">Societ\u00e0 e imprese;<\/span><\/i><\/li>\n<\/ul>\n<\/li>\n<\/ul>\n<p>&nbsp;<\/p>\n<p><b><i>Per l\u2019elenco completo si rinvia al Registro soggetti attivi.\u00a0<\/i><\/b><\/p>\n<p><b><i>I dati personali non saranno mai oggetto di diffusione.\u00a0<\/i><\/b><\/p>\n<p>&nbsp;<\/p>\n<p><i><span style=\"font-weight: 400;\">STRUTTURE INFORMATICHE<\/span><\/i><\/p>\n<p><span style=\"font-weight: 400;\">Registro degli archivi logici e fisici<\/span><\/p>\n<p>&nbsp;<\/p>\n<p><i><span style=\"font-weight: 400;\">PERIODO DI CONSERVAZIONE<\/span><\/i><\/p>\n<p><i><span style=\"font-weight: 400;\">Periodo di conservazione dei dati: I dati saranno trattati per tutto il tempo necessario allo svolgimento del rapporto commerciale in essere e per i successivi dieci anni dalla data di acquisizione degli stessi.<\/span><\/i><\/p>\n<p>&nbsp;<\/p>\n<p><i><span style=\"font-weight: 400;\">LUOGO DI TRATTAMENTO<\/span><\/i><\/p>\n<p><i><span style=\"font-weight: 400;\">Tutti i dati vengono trattati unicamente in Italia e non vengono trasferiti all\u2019estero.\u00a0<\/span><\/i><\/p>\n<p>&nbsp;<\/p>\n<p><i><span style=\"font-weight: 400;\">DIRITTI DELL\u2019INTERESSATO<\/span><\/i><\/p>\n<p><i><span style=\"font-weight: 400;\">Ai sensi del Regolamento europeo 679\/2016 (GDPR) e della normativa nazionale in vigore, l&#8217;interessato pu\u00f2, secondo le modalit\u00e0 e nei limiti previsti dalla vigente normativa, esercitare i seguenti diritti:\u00a0<\/span><\/i><\/p>\n<ul>\n<li style=\"font-weight: 400;\"><i><span style=\"font-weight: 400;\">richiedere la conferma dell&#8217;esistenza di dati personali che lo riguardano (diritto di accesso dell\u2019interessato \u2013 art. 15 del Regolamento 679\/2016);<\/span><\/i><\/li>\n<li style=\"font-weight: 400;\"><i><span style=\"font-weight: 400;\">conoscerne l&#8217;origine;<\/span><\/i><\/li>\n<li style=\"font-weight: 400;\"><i><span style=\"font-weight: 400;\">riceverne comunicazione intelligibile;<\/span><\/i><\/li>\n<li style=\"font-weight: 400;\"><i><span style=\"font-weight: 400;\">avere informazioni circa la logica, le modalit\u00e0 e le finalit\u00e0 del trattamento;<\/span><\/i><\/li>\n<li style=\"font-weight: 400;\"><i><span style=\"font-weight: 400;\">richiederne l&#8217;aggiornamento, la rettifica, l&#8217;integrazione, la cancellazione, la trasformazione in forma anonima, il blocco dei dati trattati in violazione di legge, ivi compresi quelli non pi\u00f9 necessari al perseguimento degli scopi per i quali sono stati raccolti (diritto di rettifica e cancellazione \u2013 artt. 16 e 17 del Regolamento 679\/2016);<\/span><\/i><\/li>\n<li style=\"font-weight: 400;\"><i><span style=\"font-weight: 400;\">diritto di limitazione o di opposizione al trattamento dei dati che lo riguardano (art. 18 del Regolamento 679\/2016);<\/span><\/i><\/li>\n<li style=\"font-weight: 400;\"><i><span style=\"font-weight: 400;\">diritto di revoca;<\/span><\/i><\/li>\n<li style=\"font-weight: 400;\"><i><span style=\"font-weight: 400;\">diritto alla portabilit\u00e0 dei dati (art. 20 del Regolamento 679\/2016);<\/span><\/i><\/li>\n<li style=\"font-weight: 400;\"><i><span style=\"font-weight: 400;\">nei casi di trattamento basato su consenso, ricevere i propri dati forniti al titolare, in forma strutturata e leggibile da un elaboratore di dati e in un formato comunemente usato da un dispositivo elettronico;<\/span><\/i><\/li>\n<li style=\"font-weight: 400;\"><i><span style=\"font-weight: 400;\">il diritto di presentare un reclamo all\u2019Autorit\u00e0 di controllo (diritto di accesso dell\u2019interessato \u2013 art. 15 del Regolamento 679\/2016).<\/span><\/i><\/li>\n<\/ul>\n<p>[\/vc_column_text][\/vc_column][\/vc_row]<\/p>\n<\/div>","protected":false},"excerpt":{"rendered":"<p>[vc_row][vc_column][vc_column_text]TITOLARE DEL TRATTAMENTO dei Suoi dati personali \u00e8 Free Soft &amp; Tech S.r.l., P.IVA 12136081002 \u2013 Viale Gorizia 25\/C 00198 Roma freesofttech@pec.it \u2013 Peo: info@freesoftandtech.it. Il Data Protection Officer (\u201cDPO\u201d) nominato dal Titolare ai sensi degli artt. 37 e ss. GDPR \u00e8 contattabile inviando una&#8230;<\/p>\n","protected":false},"author":2,"featured_media":0,"parent":0,"menu_order":0,"comment_status":"closed","ping_status":"closed","template":"","meta":{"footnotes":""},"amp_enabled":true,"_links":{"self":[{"href":"https:\/\/www.freesoftandtech.it\/index.php?rest_route=\/wp\/v2\/pages\/568"}],"collection":[{"href":"https:\/\/www.freesoftandtech.it\/index.php?rest_route=\/wp\/v2\/pages"}],"about":[{"href":"https:\/\/www.freesoftandtech.it\/index.php?rest_route=\/wp\/v2\/types\/page"}],"author":[{"embeddable":true,"href":"https:\/\/www.freesoftandtech.it\/index.php?rest_route=\/wp\/v2\/users\/2"}],"replies":[{"embeddable":true,"href":"https:\/\/www.freesoftandtech.it\/index.php?rest_route=%2Fwp%2Fv2%2Fcomments&post=568"}],"version-history":[{"count":4,"href":"https:\/\/www.freesoftandtech.it\/index.php?rest_route=\/wp\/v2\/pages\/568\/revisions"}],"predecessor-version":[{"id":593,"href":"https:\/\/www.freesoftandtech.it\/index.php?rest_route=\/wp\/v2\/pages\/568\/revisions\/593"}],"wp:attachment":[{"href":"https:\/\/www.freesoftandtech.it\/index.php?rest_route=%2Fwp%2Fv2%2Fmedia&parent=568"}],"curies":[{"name":"wp","href":"https:\/\/api.w.org\/{rel}","templated":true}]}}