{"id":435,"date":"2018-08-09T12:10:20","date_gmt":"2018-08-09T12:10:20","guid":{"rendered":"http:\/\/freesoftandtech.it\/?page_id=435"},"modified":"2018-08-09T14:34:26","modified_gmt":"2018-08-09T14:34:26","slug":"vireco","status":"publish","type":"page","link":"https:\/\/www.freesoftandtech.it\/?page_id=435","title":{"rendered":"vireco"},"content":{"rendered":"\r\n<section class=\"sh-section sh-section-b69659b6d849563e64467e616c5b3a54 fw-main-row sh-section-visibility-everywhere\">\r\n\t\r\n\t\r\n\t<div class=\"sh-section-container container\">\r\n\t\t<div class=\"fw-row\">\n\t\r\n<div class=\"sh-column sh-column-a07c172fc92b1ff126ce0538a2ba77af fw-col-xs-12 fw-col-sm-2\" >\r\n\r\n\t\r\n\t<div class=\"sh-column-wrapper\">\r\n\t\t\t<\/div>\r\n\r\n\r\n\t\t\r\n\r\n<\/div>\r\n\r\n<div class=\"sh-column sh-column-f77a8bc5e46a1162ddb007da705d5716 fw-col-xs-12 fw-col-sm-8\" >\r\n\r\n\t\r\n\t<div class=\"sh-column-wrapper\">\r\n\t\t\r\n<div id=\"text-block-110749ad1e859199529791bda0df5824\" class=\"sh-text-block\">\r\n\t<p><img class=\" wp-image-443 aligncenter\" src=\"http:\/\/www.freesoftandtech.it\/wp-content\/uploads\/2018\/08\/vireco.png\" alt=\"\" width=\"214\" height=\"72\" \/><\/p><p style=\"text-align: center;\"><strong>VIReCo<\/strong> (Vapour Injected Reciprocating Compressor) \u00e8 un progetto di ricerca per lo sviluppo di una nuova generazione di compressori alternativi per il settore della refrigerazione.<\/p><p style=\"text-align: center;\">La tecnologia, di derivazione automobilistica, sar\u00e0 in grado di ottimizzare l\u2019efficienza energetica degli impianti frigoriferi, attraverso un rivoluzionario concept di progettazione dei compressori alternativi. L\u2019introduzione di una duplice iniezione di vapore ai cilindri del compressore, associata al gi\u00e0 consolidato utilizzo di economizzatori, consentir\u00e0 un risparmio energetico fino al 20%. L\u2019innovativo sistema software di gestione delle unit\u00e0 frigorifere cos\u00ec equipaggiate permetter\u00e0 inoltre l\u2019ottimizzazione ed il monitoraggio continuo delle performance energetiche. Progetto di Ricerca finanziato dalla Regione Umbria nell\u2019ambito del Bando a sostegno dei progetti complessi di Ricerca &amp; Sviluppo POR FESR 2014-2020<br \/>Contributo concesso a Free Soft &amp; Tech Srl 141.825,37\u20ac<\/p><p style=\"text-align: center;\"><strong>VIReCo<\/strong> (Vapour Injected Reciprocating Compressor) is a research project for the development of a new generation of refrigerating compressors. This technology, coming from the automotive industry, will improve the energy efficiency of the refrigeration units, through an innovative design concept of the reciprocating compressors. The double vapour injections to the compressor cylinders, in addition to the economizers, will produce an energy saving up to 20%. The new refrigeration units will be equipped with an advanced software package, able to manage, optmize and monitor continuously the energy performances. Research Project funded by Umbria Region within the R&amp;D Complex Projects Support Program according to POR FESR 2014-2020<br \/>Grant awarded to Free Soft &amp; Tech Srl 141.825,37\u20ac<\/p><p style=\"text-align: center;\"><\/div>\r\n\r\n<div id=\"text-block-1605602e8721eda99f66413cceff85e2\" class=\"sh-text-block\">\r\n\t<p><img class=\"wp-image-439 aligncenter\" src=\"http:\/\/www.freesoftandtech.it\/wp-content\/uploads\/2018\/08\/loghi-partner.png\" alt=\"\" width=\"509\" height=\"64\" \/><\/p><\/div>\r\n\t<\/div>\r\n\r\n\r\n\t\t\r\n\r\n<\/div>\r\n\r\n<div class=\"sh-column sh-column-72a9f3d67c088ebb155c6cd96f48d5b4 fw-col-xs-12 fw-col-sm-2\" >\r\n\r\n\t\r\n\t<div class=\"sh-column-wrapper\">\r\n\t\t\t<\/div>\r\n\r\n\r\n\t\t\r\n\r\n<\/div>\r\n<\/div>\n\n\t<\/div>\r\n<\/section>\r\n\n","protected":false},"excerpt":{"rendered":"<p>VIReCo (Vapour Injected Reciprocating Compressor) \u00e8 un progetto di ricerca per lo sviluppo di una nuova generazione di compressori alternativi per il settore della refrigerazione.La tecnologia, di derivazione automobilistica, sar\u00e0 in grado di ottimizzare l\u2019efficienza energetica degli impianti frigoriferi, attraverso un rivoluzionario concept di progettazione&#8230;<\/p>\n","protected":false},"author":2,"featured_media":0,"parent":0,"menu_order":0,"comment_status":"closed","ping_status":"closed","template":"","meta":{"footnotes":""},"amp_enabled":true,"_links":{"self":[{"href":"https:\/\/www.freesoftandtech.it\/index.php?rest_route=\/wp\/v2\/pages\/435"}],"collection":[{"href":"https:\/\/www.freesoftandtech.it\/index.php?rest_route=\/wp\/v2\/pages"}],"about":[{"href":"https:\/\/www.freesoftandtech.it\/index.php?rest_route=\/wp\/v2\/types\/page"}],"author":[{"embeddable":true,"href":"https:\/\/www.freesoftandtech.it\/index.php?rest_route=\/wp\/v2\/users\/2"}],"replies":[{"embeddable":true,"href":"https:\/\/www.freesoftandtech.it\/index.php?rest_route=%2Fwp%2Fv2%2Fcomments&post=435"}],"version-history":[{"count":12,"href":"https:\/\/www.freesoftandtech.it\/index.php?rest_route=\/wp\/v2\/pages\/435\/revisions"}],"predecessor-version":[{"id":437,"href":"https:\/\/www.freesoftandtech.it\/index.php?rest_route=\/wp\/v2\/pages\/435\/revisions\/437"}],"wp:attachment":[{"href":"https:\/\/www.freesoftandtech.it\/index.php?rest_route=%2Fwp%2Fv2%2Fmedia&parent=435"}],"curies":[{"name":"wp","href":"https:\/\/api.w.org\/{rel}","templated":true}]}}